{"id":78,"date":"2020-01-31T13:55:29","date_gmt":"2020-01-31T12:55:29","guid":{"rendered":"http:\/\/brassibee.brassitech.com\/?page_id=78"},"modified":"2020-01-31T15:05:54","modified_gmt":"2020-01-31T14:05:54","slug":"zamowienia","status":"publish","type":"page","link":"https:\/\/brassibee.brassitech.com\/en\/zamowienia\/","title":{"rendered":"Orders"},"content":{"rendered":"<h2><strong>Thank you for your interest in our product.<\/strong><\/h2>\n<p>Until the launch of our online shop, the Brassibee feed additive is available for telephone and e-mail orders.<\/p>\n<p>&nbsp;<\/p>\n<p>To order a BrassiBee product, please contact our sales representative at number:<\/p>\n<p><img decoding=\"async\" loading=\"lazy\" class=\"wp-image-29 size-medium aligncenter\" src=\"http:\/\/brassibee.brassitech.com\/wp-content\/uploads\/2019\/10\/produkt-250x250.jpg\" alt=\"\" width=\"250\" height=\"250\" srcset=\"https:\/\/brassibee.brassitech.com\/wp-content\/uploads\/2019\/10\/produkt-250x250.jpg 250w, https:\/\/brassibee.brassitech.com\/wp-content\/uploads\/2019\/10\/produkt-150x150.jpg 150w, https:\/\/brassibee.brassitech.com\/wp-content\/uploads\/2019\/10\/produkt-120x120.jpg 120w, https:\/\/brassibee.brassitech.com\/wp-content\/uploads\/2019\/10\/produkt-24x24.jpg 24w, https:\/\/brassibee.brassitech.com\/wp-content\/uploads\/2019\/10\/produkt-36x36.jpg 36w, https:\/\/brassibee.brassitech.com\/wp-content\/uploads\/2019\/10\/produkt-48x48.jpg 48w, https:\/\/brassibee.brassitech.com\/wp-content\/uploads\/2019\/10\/produkt-300x300.jpg 300w, https:\/\/brassibee.brassitech.com\/wp-content\/uploads\/2019\/10\/produkt-100x100.jpg 100w, https:\/\/brassibee.brassitech.com\/wp-content\/uploads\/2019\/10\/produkt.jpg 500w\" sizes=\"(max-width: 250px) 100vw, 250px\" \/><\/p>\n<p>&nbsp;<\/p>\n<p><strong style=\"color: #008000;\">mobile: <a href=\"tel:+48515397987\">+48 515 397 987<\/a><\/strong><br \/>\n<span style=\"color: #008000;\"><strong>landline:\u00a0 \u00a0<a href=\"tel:+48222628646\">+48 22 262 86 46<\/a><\/strong><\/span><br \/>\n<span style=\"color: #008000;\"><strong>or via email:\u00a0 \u00a0 \u00a0 \u00a0 \u00a0 <a href=\"mailto:info@brassitech.com\">info@brassitech.com<\/a><\/strong><\/span><\/p>\n<p>&nbsp;<\/p>\n","protected":false},"excerpt":{"rendered":"Thank you for your interest in our product. Until the launch of our online shop, the Brassibee feed additive is available for telephone and e-mail orders. &nbsp; To order a BrassiBee product, please contact our sales representative at number: &nbsp; mobile: +48 515 397 987 landline:\u00a0 \u00a0+48 22 262 86 46 or via email:\u00a0 \u00a0&#8230; <a class=\"view-article\" href=\"https:\/\/brassibee.brassitech.com\/en\/zamowienia\/\">View Article<\/a>","protected":false},"author":1,"featured_media":0,"parent":0,"menu_order":4,"comment_status":"closed","ping_status":"closed","template":"","meta":[],"acf":[],"yoast_head":"<!-- This site is optimized with the Yoast SEO plugin v16.7 - https:\/\/yoast.com\/wordpress\/plugins\/seo\/ -->\n<meta name=\"robots\" content=\"index, follow, max-snippet:-1, max-image-preview:large, max-video-preview:-1\" \/>\n<link rel=\"canonical\" href=\"https:\/\/brassibee.brassitech.com\/en\/zamowienia\/\" \/>\n<meta property=\"og:locale\" content=\"en_US\" \/>\n<meta property=\"og:type\" content=\"article\" \/>\n<meta property=\"og:title\" content=\"Orders - BrassiBee\u2122\" \/>\n<meta property=\"og:description\" content=\"Thank you for your interest in our product. Until the launch of our online shop, the Brassibee feed additive is available for telephone and e-mail orders. &nbsp; To order a BrassiBee product, please contact our sales representative at number: &nbsp; mobile: +48 515 397 987 landline:\u00a0 \u00a0+48 22 262 86 46 or via email:\u00a0 \u00a0... View Article\" \/>\n<meta property=\"og:url\" content=\"https:\/\/brassibee.brassitech.com\/en\/zamowienia\/\" \/>\n<meta property=\"og:site_name\" content=\"BrassiBee\u2122\" \/>\n<meta property=\"article:modified_time\" content=\"2020-01-31T14:05:54+00:00\" \/>\n<meta property=\"og:image\" content=\"http:\/\/brassibee.brassitech.com\/wp-content\/uploads\/2019\/10\/produkt-250x250.jpg\" \/>\n<meta name=\"twitter:card\" content=\"summary_large_image\" \/>\n<script type=\"application\/ld+json\" class=\"yoast-schema-graph\">{\"@context\":\"https:\/\/schema.org\",\"@graph\":[{\"@type\":\"WebSite\",\"@id\":\"https:\/\/brassibee.brassitech.com\/#website\",\"url\":\"https:\/\/brassibee.brassitech.com\/\",\"name\":\"BrassiBee\\u2122\",\"description\":\"Preparat Brassibee\\u2122 wspomaga zwalczanie nosemozy oraz przyczynia si\\u0119 do zwi\\u0119kszenia witalno\\u015bci pszcz\\u00f3\\u0142 i poprawy kondycji rodziny pszczelej.\",\"potentialAction\":[{\"@type\":\"SearchAction\",\"target\":{\"@type\":\"EntryPoint\",\"urlTemplate\":\"https:\/\/brassibee.brassitech.com\/?s={search_term_string}\"},\"query-input\":\"required name=search_term_string\"}],\"inLanguage\":\"en-US\"},{\"@type\":\"ImageObject\",\"@id\":\"https:\/\/brassibee.brassitech.com\/en\/zamowienia\/#primaryimage\",\"inLanguage\":\"en-US\",\"url\":\"http:\/\/brassibee.brassitech.com\/wp-content\/uploads\/2019\/10\/produkt-250x250.jpg\",\"contentUrl\":\"http:\/\/brassibee.brassitech.com\/wp-content\/uploads\/2019\/10\/produkt-250x250.jpg\"},{\"@type\":\"WebPage\",\"@id\":\"https:\/\/brassibee.brassitech.com\/en\/zamowienia\/#webpage\",\"url\":\"https:\/\/brassibee.brassitech.com\/en\/zamowienia\/\",\"name\":\"Orders - BrassiBee\\u2122\",\"isPartOf\":{\"@id\":\"https:\/\/brassibee.brassitech.com\/#website\"},\"primaryImageOfPage\":{\"@id\":\"https:\/\/brassibee.brassitech.com\/en\/zamowienia\/#primaryimage\"},\"datePublished\":\"2020-01-31T12:55:29+00:00\",\"dateModified\":\"2020-01-31T14:05:54+00:00\",\"breadcrumb\":{\"@id\":\"https:\/\/brassibee.brassitech.com\/en\/zamowienia\/#breadcrumb\"},\"inLanguage\":\"en-US\",\"potentialAction\":[{\"@type\":\"ReadAction\",\"target\":[\"https:\/\/brassibee.brassitech.com\/en\/zamowienia\/\"]}]},{\"@type\":\"BreadcrumbList\",\"@id\":\"https:\/\/brassibee.brassitech.com\/en\/zamowienia\/#breadcrumb\",\"itemListElement\":[{\"@type\":\"ListItem\",\"position\":1,\"name\":\"Strona g\\u0142\\u00f3wna\",\"item\":\"https:\/\/brassibee.brassitech.com\/en\/\"},{\"@type\":\"ListItem\",\"position\":2,\"name\":\"Orders\"}]}]}<\/script>\n<!-- \/ Yoast SEO plugin. -->","yoast_head_json":{"robots":{"index":"index","follow":"follow","max-snippet":"max-snippet:-1","max-image-preview":"max-image-preview:large","max-video-preview":"max-video-preview:-1"},"canonical":"https:\/\/brassibee.brassitech.com\/en\/zamowienia\/","og_locale":"en_US","og_type":"article","og_title":"Orders - BrassiBee\u2122","og_description":"Thank you for your interest in our product. Until the launch of our online shop, the Brassibee feed additive is available for telephone and e-mail orders. &nbsp; To order a BrassiBee product, please contact our sales representative at number: &nbsp; mobile: +48 515 397 987 landline:\u00a0 \u00a0+48 22 262 86 46 or via email:\u00a0 \u00a0... View Article","og_url":"https:\/\/brassibee.brassitech.com\/en\/zamowienia\/","og_site_name":"BrassiBee\u2122","article_modified_time":"2020-01-31T14:05:54+00:00","og_image":[{"url":"http:\/\/brassibee.brassitech.com\/wp-content\/uploads\/2019\/10\/produkt-250x250.jpg"}],"twitter_card":"summary_large_image","schema":{"@context":"https:\/\/schema.org","@graph":[{"@type":"WebSite","@id":"https:\/\/brassibee.brassitech.com\/#website","url":"https:\/\/brassibee.brassitech.com\/","name":"BrassiBee\u2122","description":"Preparat Brassibee\u2122 wspomaga zwalczanie nosemozy oraz przyczynia si\u0119 do zwi\u0119kszenia witalno\u015bci pszcz\u00f3\u0142 i poprawy kondycji rodziny pszczelej.","potentialAction":[{"@type":"SearchAction","target":{"@type":"EntryPoint","urlTemplate":"https:\/\/brassibee.brassitech.com\/?s={search_term_string}"},"query-input":"required name=search_term_string"}],"inLanguage":"en-US"},{"@type":"ImageObject","@id":"https:\/\/brassibee.brassitech.com\/en\/zamowienia\/#primaryimage","inLanguage":"en-US","url":"http:\/\/brassibee.brassitech.com\/wp-content\/uploads\/2019\/10\/produkt-250x250.jpg","contentUrl":"http:\/\/brassibee.brassitech.com\/wp-content\/uploads\/2019\/10\/produkt-250x250.jpg"},{"@type":"WebPage","@id":"https:\/\/brassibee.brassitech.com\/en\/zamowienia\/#webpage","url":"https:\/\/brassibee.brassitech.com\/en\/zamowienia\/","name":"Orders - BrassiBee\u2122","isPartOf":{"@id":"https:\/\/brassibee.brassitech.com\/#website"},"primaryImageOfPage":{"@id":"https:\/\/brassibee.brassitech.com\/en\/zamowienia\/#primaryimage"},"datePublished":"2020-01-31T12:55:29+00:00","dateModified":"2020-01-31T14:05:54+00:00","breadcrumb":{"@id":"https:\/\/brassibee.brassitech.com\/en\/zamowienia\/#breadcrumb"},"inLanguage":"en-US","potentialAction":[{"@type":"ReadAction","target":["https:\/\/brassibee.brassitech.com\/en\/zamowienia\/"]}]},{"@type":"BreadcrumbList","@id":"https:\/\/brassibee.brassitech.com\/en\/zamowienia\/#breadcrumb","itemListElement":[{"@type":"ListItem","position":1,"name":"Strona g\u0142\u00f3wna","item":"https:\/\/brassibee.brassitech.com\/en\/"},{"@type":"ListItem","position":2,"name":"Orders"}]}]}},"_links":{"self":[{"href":"https:\/\/brassibee.brassitech.com\/en\/wp-json\/wp\/v2\/pages\/78"}],"collection":[{"href":"https:\/\/brassibee.brassitech.com\/en\/wp-json\/wp\/v2\/pages"}],"about":[{"href":"https:\/\/brassibee.brassitech.com\/en\/wp-json\/wp\/v2\/types\/page"}],"author":[{"embeddable":true,"href":"https:\/\/brassibee.brassitech.com\/en\/wp-json\/wp\/v2\/users\/1"}],"replies":[{"embeddable":true,"href":"https:\/\/brassibee.brassitech.com\/en\/wp-json\/wp\/v2\/comments?post=78"}],"version-history":[{"count":2,"href":"https:\/\/brassibee.brassitech.com\/en\/wp-json\/wp\/v2\/pages\/78\/revisions"}],"predecessor-version":[{"id":85,"href":"https:\/\/brassibee.brassitech.com\/en\/wp-json\/wp\/v2\/pages\/78\/revisions\/85"}],"wp:attachment":[{"href":"https:\/\/brassibee.brassitech.com\/en\/wp-json\/wp\/v2\/media?parent=78"}],"curies":[{"name":"wp","href":"https:\/\/api.w.org\/{rel}","templated":true}]}}